{"id":2844,"date":"2025-11-12T17:08:25","date_gmt":"2025-11-12T16:08:25","guid":{"rendered":"https:\/\/faunix.tv\/?page_id=2844"},"modified":"2026-01-24T19:32:02","modified_gmt":"2026-01-24T18:32:02","slug":"curso-de-observacion-de-aves","status":"publish","type":"page","link":"https:\/\/faunix.tv\/es\/curso-de-observacion-de-aves\/","title":{"rendered":"Curso de observaci\u00f3n de aves"},"content":{"rendered":"<p>[et_pb_section fb_built=\u00bb1&#8243; custom_padding_last_edited=\u00bbon|phone\u00bb _builder_version=\u00bb4.16&#8243; _module_preset=\u00bbdefault\u00bb background_color=\u00bbRGBA(0,0,0,0)\u00bb custom_padding=\u00bb0px|0px|0px|0px|true|true\u00bb custom_padding_tablet=\u00bb|50px||50px|true|true\u00bb custom_padding_phone=\u00bb|20px||20px|true|true\u00bb global_colors_info=\u00bb{}\u00bb][et_pb_row column_structure=\u00bb1_2,1_2&#8243; _builder_version=\u00bb4.27.4&#8243; _module_preset=\u00bbdefault\u00bb width=\u00bb90%\u00bb max_width=\u00bb100%\u00bb hover_enabled=\u00bb0&#8243; global_colors_info=\u00bb{}\u00bb sticky_enabled=\u00bb0&#8243;][et_pb_column type=\u00bb1_2&#8243; _builder_version=\u00bb4.27.4&#8243; _module_preset=\u00bbdefault\u00bb global_colors_info=\u00bb{}\u00bb][et_pb_post_title meta=\u00bboff\u00bb featured_image=\u00bboff\u00bb _builder_version=\u00bb4.27.4&#8243; _module_preset=\u00bbdefault\u00bb title_font_size=\u00bb46px\u00bb custom_margin=\u00bb||0px||false|false\u00bb custom_padding=\u00bb||0px||false|false\u00bb global_module=\u00bb3087&#8243; global_colors_info=\u00bb{}\u00bb][\/et_pb_post_title][et_pb_text _builder_version=\u00bb4.27.4&#8243; _module_preset=\u00bbdefault\u00bb custom_margin=\u00bb||20px|||\u00bb global_colors_info=\u00bb{}\u00bb]<\/p>\n<p><span>Un curso de Toni Escandell, experto en aves. C\u00e1mara de documentales de naturaleza y vida salvaje. Director de  <\/span><a href=\"http:\/\/www.palearticafilms.com\/\" target=\"_blank\" rel=\"noopener\">www.palearticafilms.com<\/a><\/p>\n<p>[\/et_pb_text][et_pb_button button_url=\u00bbhttps:\/\/faunix.tv\/es\/faunix\/\u00bb button_text=\u00bbM\u00e1s info\u00bb _builder_version=\u00bb4.27.4&#8243; _module_preset=\u00bbdefault\u00bb custom_button=\u00bbon\u00bb button_bg_color=\u00bbrgba(8,246,247,0)\u00bb button_font=\u00bb&#8211;et_global_body_font|700|on||||||\u00bb button_on_hover=\u00bboff\u00bb global_colors_info=\u00bb{}\u00bb button_text_color__hover_enabled=\u00bbon|hover\u00bb button_text_color__hover=\u00bb#ffffff\u00bb][\/et_pb_button][\/et_pb_column][et_pb_column type=\u00bb1_2&#8243; _builder_version=\u00bb4.27.4&#8243; _module_preset=\u00bbdefault\u00bb custom_padding=\u00bb||||false|false\u00bb custom_padding_tablet=\u00bb0em||||false|false\u00bb custom_padding_phone=\u00bb0em||||false|false\u00bb custom_padding_last_edited=\u00bbon|tablet\u00bb hover_enabled=\u00bb0&#8243; global_colors_info=\u00bb{}\u00bb custom_padding__hover_enabled=\u00bboff|desktop\u00bb sticky_enabled=\u00bb0&#8243;][et_pb_text _builder_version=\u00bb4.27.4&#8243; _module_preset=\u00bbdefault\u00bb custom_padding=\u00bb2em|2em|2em|2em|true|true\u00bb border_radii=\u00bbon|30px|30px|30px|30px\u00bb border_width_all=\u00bb2px\u00bb border_color_all=\u00bb#0698DD\u00bb global_colors_info=\u00bb{}\u00bb]<\/p>\n<h2>\u00bfQu\u00e9 obtendr\u00e1s en este curso?<\/h2>\n<ul>\n<li>16 temas sobre aves de 9 minutos de media (2 h y 20 m)<\/li>\n<li>Podr\u00e1s hacer el curso online ya tu ritmo<\/li>\n<li>Disponible s\u00f3lo en Faunix.tv<\/li>\n<li>Audio: Catal\u00e1n. \u00a1Pr\u00f3ximamente en Espa\u00f1ol e Ingl\u00e9s!<\/li>\n<li>Nivel: Iniciaci\u00f3n a la observaci\u00f3n de las aves<\/li>\n<li>Acceso: \u00a1El d\u00eda que quieras ya la hora que quieras!<\/li>\n<li>\u00a1Conocimientos sobre la observaci\u00f3n de las aves!<\/li>\n<\/ul>\n<p>[\/et_pb_text][\/et_pb_column][\/et_pb_row][et_pb_row disabled_on=\u00bboff|off|off\u00bb _builder_version=\u00bb4.27.4&#8243; _module_preset=\u00bbdefault\u00bb custom_padding=\u00bb||0px||false|false\u00bb hover_enabled=\u00bb0&#8243; global_colors_info=\u00bb{}\u00bb sticky_enabled=\u00bb0&#8243;][et_pb_column type=\u00bb4_4&#8243; _builder_version=\u00bb4.27.4&#8243; _module_preset=\u00bbdefault\u00bb global_colors_info=\u00bb{}\u00bb][et_pb_text _builder_version=\u00bb4.27.4&#8243; _module_preset=\u00bbdefault\u00bb locked=\u00bboff\u00bb global_colors_info=\u00bb{}\u00bb]<\/p>\n          <style type=\"text\/css\" id=\"vimeography-gallery-14-custom-css\">\n        \n      \/* Pop-Up Background Color  *\/\n        .vimeography-theme-timber .vimeography-lightbox .vimeography-modal-modern-touch { background-color: rgb(1 11 25 \/ 1); }\n        \r\n\r\n\/* Pop-Up Title Color  *\/\n        .vimeography-theme-timber .vimeography-lightbox .vimeography-title { color: rgb(255 255 255 \/ 1); }\n        \n          <\/style>\n            <div id=\"vimeography-gallery-14\" class=\"vimeography-theme-timber\" data-version=\"2.2.2\"  itemscope itemtype=\"http:\/\/schema.org\/VideoGallery\">\n        <div id=\"subbie\">\n          <gallery><\/gallery>\n        <\/div>\n      <\/div>\n    \n<p>[\/et_pb_text][\/et_pb_column][\/et_pb_row][\/et_pb_section]<\/p>\n","protected":false},"excerpt":{"rendered":"<p>Un curso de Toni Escandell, experto en aves. C\u00e1mara de documentales de naturaleza y vida salvaje. Director de www.palearticafilms.com\u00bfQu\u00e9 obtendr\u00e1s en este curso? 16 temas sobre aves de 9 minutos de media (2 h y 20 m) Podr\u00e1s hacer el curso online ya tu ritmo Disponible s\u00f3lo en Faunix.tv Audio: Catal\u00e1n. \u00a1Pr\u00f3ximamente en Espa\u00f1ol e [&hellip;]<\/p>\n","protected":false},"author":2,"featured_media":0,"parent":0,"menu_order":0,"comment_status":"closed","ping_status":"closed","template":"","meta":{"_et_pb_use_builder":"on","_et_pb_old_content":"","_et_gb_content_width":"","footnotes":""},"class_list":["post-2844","page","type-page","status-publish","hentry"],"_links":{"self":[{"href":"https:\/\/faunix.tv\/es\/wp-json\/wp\/v2\/pages\/2844","targetHints":{"allow":["GET"]}}],"collection":[{"href":"https:\/\/faunix.tv\/es\/wp-json\/wp\/v2\/pages"}],"about":[{"href":"https:\/\/faunix.tv\/es\/wp-json\/wp\/v2\/types\/page"}],"author":[{"embeddable":true,"href":"https:\/\/faunix.tv\/es\/wp-json\/wp\/v2\/users\/2"}],"replies":[{"embeddable":true,"href":"https:\/\/faunix.tv\/es\/wp-json\/wp\/v2\/comments?post=2844"}],"version-history":[{"count":0,"href":"https:\/\/faunix.tv\/es\/wp-json\/wp\/v2\/pages\/2844\/revisions"}],"wp:attachment":[{"href":"https:\/\/faunix.tv\/es\/wp-json\/wp\/v2\/media?parent=2844"}],"curies":[{"name":"wp","href":"https:\/\/api.w.org\/{rel}","templated":true}]}}