{"id":1868,"date":"2021-08-19T09:29:30","date_gmt":"2021-08-19T07:29:30","guid":{"rendered":"https:\/\/faunix.tv\/sobre\/"},"modified":"2026-04-01T13:45:20","modified_gmt":"2026-04-01T11:45:20","slug":"faunix","status":"publish","type":"page","link":"https:\/\/faunix.tv\/es\/faunix\/","title":{"rendered":"Sobre Faunix"},"content":{"rendered":"<p>[et_pb_section fb_built=\u00bb1&#8243; _builder_version=\u00bb4.16&#8243; _module_preset=\u00bbdefault\u00bb background_color=\u00bb#021021&#8243; custom_padding=\u00bb||||false|false\u00bb global_colors_info=\u00bb{}\u00bb][et_pb_row _builder_version=\u00bb4.16&#8243; _module_preset=\u00bbdefault\u00bb global_colors_info=\u00bb{}\u00bb][et_pb_column type=\u00bb4_4&#8243; _builder_version=\u00bb4.16&#8243; _module_preset=\u00bbdefault\u00bb global_colors_info=\u00bb{}\u00bb][et_pb_post_title meta=\u00bboff\u00bb featured_image=\u00bboff\u00bb _builder_version=\u00bb4.27.4&#8243; _module_preset=\u00bbdefault\u00bb title_text_align=\u00bbcenter\u00bb title_font_size=\u00bb50px\u00bb saved_tabs=\u00bball\u00bb global_colors_info=\u00bb{}\u00bb][\/et_pb_post_title][\/et_pb_column][\/et_pb_row][et_pb_row column_structure=\u00bb1_2,1_2&#8243; _builder_version=\u00bb4.16&#8243; custom_margin=\u00bb||||false|false\u00bb custom_padding=\u00bb||||false|false\u00bb custom_width_px=\u00bb1280px\u00bb global_colors_info=\u00bb{}\u00bb][et_pb_column type=\u00bb1_2&#8243; _builder_version=\u00bb4.16&#8243; custom_padding=\u00bb|||\u00bb global_colors_info=\u00bb{}\u00bb custom_padding__hover=\u00bb|||\u00bb][et_pb_text _builder_version=\u00bb4.27.4&#8243; _module_preset=\u00bbdefault\u00bb hover_enabled=\u00bb0&#8243; global_colors_info=\u00bb{}\u00bb sticky_enabled=\u00bb0&#8243;]<\/p>\n<p>Toni Escandell, con el objetivo de dar a conocer los valores del mundo natural y su fauna, se propone crear e impulsar un canal de contenidos audiovisuales. Su nombre, Faunix.tv: \u00abEl mundo que te muestra la fauna del planeta\u00bb.<\/p>\n<p>Un canal digital did\u00e1ctico de utilidad p\u00fablica dise\u00f1ado para ense\u00f1ar, educar, entretener y acercar a todos los p\u00fablicos al conocimiento de los animales del planeta. \u00a1Un mundo de biodiversidad ante nuestros ojos!<\/p>\n<p>El equipo de Faunix est\u00e1 formado por expertos en diferentes campos de la biolog\u00eda y el \u00e1mbito audiovisual. Esta combinaci\u00f3n de especialistas tiene una misi\u00f3n clara: explorar, estudiar, investigar, informar y documentar, a trav\u00e9s de la imagen y el sonido, el comportamiento, los fen\u00f3menos y las particularidades de la fauna de nuestro planeta, para difundirlos a trav\u00e9s de faunix.tv en forma de documentales, series, entrevistas y, pr\u00f3ximamente, tambi\u00e9n contenidos educativos para estudiantes.<\/p>\n<p>[\/et_pb_text][\/et_pb_column][et_pb_column type=\u00bb1_2&#8243; _builder_version=\u00bb4.16&#8243; custom_padding=\u00bb|||\u00bb global_colors_info=\u00bb{}\u00bb custom_padding__hover=\u00bb|||\u00bb][et_pb_image src=\u00bbhttps:\/\/faunix.tv\/wp-content\/uploads\/Toni-Escandell-cv.jpg\u00bb alt=\u00bbToni Escandell\u00bb title_text=\u00bbToni-Escandell-cv\u00bb _builder_version=\u00bb4.27.4&#8243; _module_preset=\u00bbdefault\u00bb global_colors_info=\u00bb{}\u00bb][\/et_pb_image][\/et_pb_column][\/et_pb_row][et_pb_row column_structure=\u00bb1_2,1_2&#8243; _builder_version=\u00bb4.27.4&#8243; _module_preset=\u00bbdefault\u00bb custom_margin=\u00bb2em||||false|false\u00bb global_colors_info=\u00bb{}\u00bb][et_pb_column type=\u00bb1_2&#8243; _builder_version=\u00bb4.27.4&#8243; _module_preset=\u00bbdefault\u00bb global_colors_info=\u00bb{}\u00bb][et_pb_text _builder_version=\u00bb4.27.4&#8243; _module_preset=\u00bbdefault\u00bb custom_padding=\u00bb1px|||||\u00bb global_colors_info=\u00bb{}\u00bb]<\/p>\n<h2>Qui\u00e9n es Toni Escandell<\/h2>\n<h3>Trayectoria profesional<\/h3>\n<p>[\/et_pb_text][et_pb_text _builder_version=\u00bb4.27.4&#8243; _module_preset=\u00bbdefault\u00bb global_colors_info=\u00bb{}\u00bb][\/et_pb_text][\/et_pb_column][et_pb_column type=\u00bb1_2&#8243; _builder_version=\u00bb4.27.4&#8243; _module_preset=\u00bbdefault\u00bb global_colors_info=\u00bb{}\u00bb][et_pb_text _builder_version=\u00bb4.27.4&#8243; _module_preset=\u00bbdefault\u00bb hover_enabled=\u00bb0&#8243; global_colors_info=\u00bb{}\u00bb sticky_enabled=\u00bb0&#8243;]<\/p>\n<p>\u2022 Director c\u00e1mara y guionista del documental \u00abN\u00e1ufragos de la Evoluci\u00f3n\u00bb de proyecci\u00f3n internacional, que se ha emitido en el canal ARTE Francia, Alemania entre otros, tambi\u00e9n en el continente Asi\u00e1tico: China, Vietnam, Corea, Tailandia, etc.<\/p>\n<p>Un documental en el cual se han realizado nuevos descubrimientos para la ciencia, algunos de los cuales han sido objetivo de estudio por parte de cient\u00edficos y bot\u00e1nicos.<\/p>\n<p>N\u00e1ufragos de la Evoluci\u00f3n, ha sido ganador de algunos premios internacionales:<\/p>\n<p>Premio al mejor documental europeo en el festival internacional WILDLIFE CONSERVATION FILM FESTIVAL de Nueva York. 2017<\/p>\n<p>Segundo premio del jurado en el FESTIVAL INTERNATIONAL DU FILM ORNITHOLOGIQUE de M\u00c9NIGOUTE Francia. 2017.<\/p>\n<p>Premio Excelencia al documental de naturaleza en el Festival Internacional ACCOLADE GLOBAL FILM COMPETITION de California.<br \/>2018.<\/p>\n<p>Premio Excelencia al documental de naturaleza en el Festival Internacional BEST SHORTS COMPETITION de California. 2018.<\/p>\n<p>Premio Grand Prize HUMANITARIAN al documental de naturaleza en el Festival Internacional ACCOLADE GLOBAL FILM COMPETITION de California. 2018.<\/p>\n<p>Seleccionado Especial menci\u00f3n y certificado de m\u00e9rito en el VAASA WILDLIFE FESTIVAL de Finlandia. 2018.<\/p>\n<p>\u2022 Director, guionista, c\u00e1mara i presentador de la serie de 66 cap\u00edtulos de media hora de duraci\u00f3n titulada \u00abBaleares Salvaje\u00bb para IB3tv desde el a\u00f1o 2009 hasta el 2018.<\/p>\n<p>Premio PREMIS SOMRIU al mejor programa de Baleares 2018 en su \u00faltima entrega de la serie Baleares Salvaje.<\/p>\n<p>\u2022 Director i c\u00e1mara para Menorca del programa \u00abLa Mirada\u00bb de IB3tv. M\u00e1s de 150 reportajes realizados. 2013 \u2013 2014.<\/p>\n<p>\u2022 Director, c\u00e1mara y guionista de la serie \u201cHistoria Natural de la isla de Menorca\u201c que consta de ocho cap\u00edtulos: Geolog\u00eda, Fauna Pre-humana, Plantas y Setas, Invertebrados, Fauna Sumergida, Reptiles y Anfibios, Aves y Mam\u00edferos, emitidos por el canal TV3 y canal sat\u00e9lite internacional. 1997- 2006.<\/p>\n<p>\u2022 Director, c\u00e1mara y guionista del documental \u201cMemoria Gen\u00e9tica del Buitre Alimoche de 50 minutos de duraci\u00f3n. Seleccionado en el festival internacional de cine ornitol\u00f3gico de \u00abMenigoute\u00bb en Francia y emitido por la Televisi\u00f3n de Catalu\u00f1a y el canal sat\u00e9lite internacional. En catal\u00e1n, castellano, ingl\u00e9s y franc\u00e9s.<\/p>\n<p>Im\u00e1genes y montajes propios han sido utilizados en la primera y segunda parte de la serie catalana sobre naturaleza, titulada \u00abBestias\u00bb para TV3.<\/p>\n<p>\u2022 Director, c\u00e1mara y guionista del documental \u00abEcolog\u00eda de la isla del Aire\u00bb.<\/p>\n<p>\u2022 Director, c\u00e1mara y guionista del documental \u201cAves Acu\u00e1ticas de Menorca\u201d, emitido en la Televisi\u00f3n de Catalunya, en la Televisi\u00f3n Valenciana i el Canal Sat\u00e9lite Internacional.<\/p>\n<p>\u2022 Director, c\u00e1mara i guionista del documental \u201cAves de Menorca\u201d. Editado en catal\u00e1n, castellano e ingl\u00e9s.<\/p>\n<p>\u2022 Director c\u00e1mara y guionista del documental \u00abDescenso del Milano Real en Menorca\u00bb con el patrocinio del programa Leader de la Uni\u00f3n Europea emitido en la Televisi\u00f3n de Catalunya y el Canal Sat\u00e9lite Internacional.<\/p>\n<p>\u2022 Director c\u00e1mara y guionista del documental \u00abEcolog\u00eda de la Albufera d&#8217;es Grau\u00bb por encargo del gobierno de las Islas Baleares, departamento de medio ambiente y emitido en la Televisi\u00f3n de Catalunya y Canal Sat\u00e9lite Internacional.<\/p>\n<p>\u2022 Director, c\u00e1mara y guionista del documental \u201cLa Curruca cabecinegra\u201d ganador del 20 certamen de cortos y documentales de Menorca emitido en la Televisi\u00f3n de Catalunya i por Canal Sat\u00e9lite Internacional. 2008.<\/p>\n<p>\u2022 Director, c\u00e1mara y guionista del documental \u201cIslotes Costeros de Menorca\u201d por encargo del GOB.<\/p>\n<p>\u2022 Director, c\u00e1mara y guionista del audiovisual \u201cRazas Aut\u00f3ctonas de Menorca\u201d por encargo del GOB.<\/p>\n<p>\u2022 Director, c\u00e1mara del documental por encargo del Consejo Insular de Menorca del Proyecto Internacional \u00abLIFE \u201cFlora Amenazada\u00bb.<\/p>\n<p>\u2022 Director y c\u00e1mara de \u00abLa Feria de la Ciencia 2005 &#8211; 2007 &#8211; 2009\u00bb a Menorca.<\/p>\n<p>&nbsp;<\/p>\n<h3><strong>ORNITOLOG\u00cdA:<\/strong><\/h3>\n<p>\u2022 Miembro del Comit\u00e9 editorial del \u201cAnuario Ornitol\u00f3gico de les Illes Balears\u201d.<\/p>\n<p>\u2022 Miembro del Comit\u00e9 de rarezas de las Aves de les Illes Balears.<\/p>\n<p>\u2022 Ornit\u00f3logo \u201clocal experto\u201d en Menorca por la RSPB de Inglaterra desde 1985 -2000<\/p>\n<p>\u2022 Ha impartido varios cursos de ornitolog\u00eda<\/p>\n<p>&nbsp;<\/p>\n<p>[\/et_pb_text][\/et_pb_column][\/et_pb_row][et_pb_row column_structure=\u00bb1_2,1_2&#8243; _builder_version=\u00bb4.27.4&#8243; _module_preset=\u00bbdefault\u00bb global_colors_info=\u00bb{}\u00bb][et_pb_column type=\u00bb1_2&#8243; _builder_version=\u00bb4.27.4&#8243; _module_preset=\u00bbdefault\u00bb global_colors_info=\u00bb{}\u00bb][et_pb_text _builder_version=\u00bb4.27.4&#8243; _module_preset=\u00bbdefault\u00bb hover_enabled=\u00bb0&#8243; global_colors_info=\u00bb{}\u00bb sticky_enabled=\u00bb0&#8243;]<\/p>\n<h3>LIBROS:<\/h3>\n<p>\u2022 Coautor de la \u201cRevisi\u00f3n Avifaun\u00edstica de Menorca\u201d editado por el Museo de Zoolog\u00eda y el Ayuntamiento de Barcelona. 1984.<\/p>\n<p>\u2022 Colaborador de la enciclopedia, \u201cHistoria Natural de los pa\u00edses Catalanes\u201d 1985.<\/p>\n<p>\u2022 Revisor para Menorca del libro \u201cDonde Observar Aves en Espa\u00f1a y Portugal\u201d de Laurens Rose 1996.<\/p>\n<p>\u2022 Autor del libro \u201cAtlas de las Aves reproductoras de Menorca\u201d investigaci\u00f3n, textos y dibujos. Editado por al GOB. 1996.<\/p>\n<p>\u2022 Autor del libro \u201cSetas de Menorca\u201d autor de los textos y dibujos. 1999.<\/p>\n<p>\u2022 Coautor del libro \u201cJardines de Dios\u201d de Margarita Rubio de Rispal. 2003. <\/p>\n<p>[\/et_pb_text][\/et_pb_column][et_pb_column type=\u00bb1_2&#8243; _builder_version=\u00bb4.27.4&#8243; _module_preset=\u00bbdefault\u00bb global_colors_info=\u00bb{}\u00bb][et_pb_text _builder_version=\u00bb4.27.4&#8243; _module_preset=\u00bbdefault\u00bb hover_enabled=\u00bb0&#8243; global_colors_info=\u00bb{}\u00bb sticky_enabled=\u00bb0&#8243;]<\/p>\n<p>\u2022 Autor de textos y dibujos del libro \u201cPeces de Menorca\u201d. 2007.<\/p>\n<p>\u2022 Autor del libro \u201cNuestras Flores\u201d Autor de los textos. 2007.<\/p>\n<p>\u2022 Coordinador en Menorca del \u201cAtlas de las Aves Reproductoras de Espa\u00f1a\u201d de la Sociedad Espa\u00f1ola de Ornitolog\u00eda. 1999, 2000, 2001, 2002.<\/p>\n<p>\u2022 Coautor del articulo \u201cEl entorno Natural de la isla de Rey\u201d del libro \u201cEl Hospital de la Isla del Rey del Puerto de Mah\u00f3n\u201d<\/p>\n<p>\u2022 Autor de art\u00edculos ornitol\u00f3gicos en publicaciones espec\u00edficas, entre ellas la revista \u201cNational Geographic\u201d.<\/p>\n<p>&nbsp;<\/p>\n<h3>JUEGOS:<\/h3>\n<p>\u2022 Autor del juego \u201cCam\u00ed de Cavalls\u201d (Camino de caballos) de Menorca.<\/p>\n<p>[\/et_pb_text][\/et_pb_column][\/et_pb_row][\/et_pb_section]<\/p>\n","protected":false},"excerpt":{"rendered":"<p>Toni Escandell, con el objetivo de dar a conocer los valores del mundo natural y su fauna, se propone crear e impulsar un canal de contenidos audiovisuales. Su nombre, Faunix.tv: \u00abEl mundo que te muestra la fauna del planeta\u00bb. Un canal digital did\u00e1ctico de utilidad p\u00fablica dise\u00f1ado para ense\u00f1ar, educar, entretener y acercar a todos [&hellip;]<\/p>\n","protected":false},"author":4,"featured_media":0,"parent":0,"menu_order":0,"comment_status":"closed","ping_status":"closed","template":"","meta":{"_et_pb_use_builder":"on","_et_pb_old_content":"","_et_gb_content_width":"","footnotes":""},"class_list":["post-1868","page","type-page","status-publish","hentry"],"_links":{"self":[{"href":"https:\/\/faunix.tv\/es\/wp-json\/wp\/v2\/pages\/1868","targetHints":{"allow":["GET"]}}],"collection":[{"href":"https:\/\/faunix.tv\/es\/wp-json\/wp\/v2\/pages"}],"about":[{"href":"https:\/\/faunix.tv\/es\/wp-json\/wp\/v2\/types\/page"}],"author":[{"embeddable":true,"href":"https:\/\/faunix.tv\/es\/wp-json\/wp\/v2\/users\/4"}],"replies":[{"embeddable":true,"href":"https:\/\/faunix.tv\/es\/wp-json\/wp\/v2\/comments?post=1868"}],"version-history":[{"count":0,"href":"https:\/\/faunix.tv\/es\/wp-json\/wp\/v2\/pages\/1868\/revisions"}],"wp:attachment":[{"href":"https:\/\/faunix.tv\/es\/wp-json\/wp\/v2\/media?parent=1868"}],"curies":[{"name":"wp","href":"https:\/\/api.w.org\/{rel}","templated":true}]}}