{"id":1859,"date":"2021-06-29T09:04:22","date_gmt":"2021-06-29T07:04:22","guid":{"rendered":"https:\/\/faunix.tv\/politica-de-privacidad\/"},"modified":"2025-12-26T11:52:36","modified_gmt":"2025-12-26T10:52:36","slug":"politica-de-privacidad","status":"publish","type":"page","link":"https:\/\/faunix.tv\/es\/politica-de-privacidad\/","title":{"rendered":"Pol\u00edtica de privacidad"},"content":{"rendered":"<p>[et_pb_section fb_built=\u00bb1&#8243; _builder_version=\u00bb4.16&#8243; _module_preset=\u00bbdefault\u00bb background_color=\u00bb#021021&#8243; custom_padding=\u00bb||||false|false\u00bb global_colors_info=\u00bb{}\u00bb][et_pb_row _builder_version=\u00bb4.16&#8243; _module_preset=\u00bbdefault\u00bb global_colors_info=\u00bb{}\u00bb][et_pb_column type=\u00bb4_4&#8243; _builder_version=\u00bb4.16&#8243; _module_preset=\u00bbdefault\u00bb global_colors_info=\u00bb{}\u00bb][et_pb_post_title meta=\u00bboff\u00bb featured_image=\u00bboff\u00bb _builder_version=\u00bb4.16&#8243; _module_preset=\u00bbdefault\u00bb title_font_size=\u00bb40px\u00bb global_colors_info=\u00bb{}\u00bb][\/et_pb_post_title][\/et_pb_column][\/et_pb_row][et_pb_row _builder_version=\u00bb4.16&#8243; custom_margin=\u00bb||||false|false\u00bb custom_padding=\u00bb||||false|false\u00bb custom_width_px=\u00bb1280px\u00bb global_colors_info=\u00bb{}\u00bb][et_pb_column type=\u00bb4_4&#8243; _builder_version=\u00bb4.16&#8243; custom_padding=\u00bb|||\u00bb global_colors_info=\u00bb{}\u00bb custom_padding__hover=\u00bb|||\u00bb][et_pb_text admin_label=\u00bbText\u00bb _builder_version=\u00bb4.27.4&#8243; background_size=\u00bbinitial\u00bb background_position=\u00bbtop_left\u00bb background_repeat=\u00bbrepeat\u00bb hover_enabled=\u00bb0&#8243; global_colors_info=\u00bb{}\u00bb sticky_enabled=\u00bb0&#8243;]<\/p>\n<p>PALEARTICA FILMS, S.L., sociedad titular de la plataforma website www.faunix.tv s\u00f3lo obtiene y conserva la siguiente informaci\u00f3n:<br \/>1. El nombre de dominio del proveedor (PSI) y\/o direcci\u00f3n IP que les da acceso a la red, con el fin de elaborar estad\u00edsticas sobre los territorios y servidores que visitan m\u00e1s a menudo nuestra web y evitar spam.<br \/>2. La fecha y hora de acceso a nuestra web, para evitar, en su caso, problemas de saturaci\u00f3n en ciertas horas.<br \/>3. La direcci\u00f3n de Internet desde la que parti\u00f3 el link que dirige a nuestra web, con el fin de conocer la efectividad de posibles banners, si los hubiere, y enlaces que apuntan a nuestro servidor.<br \/>4. El n\u00famero de visitantes diarios de cada secci\u00f3n, para que los usuarios obtengan un resultado m\u00e1s satisfactorio.<br \/>La informaci\u00f3n obtenida es totalmente an\u00f3nima, y en ning\u00fan caso puede ser asociada a una persona usuaria concreta e identificada.<br \/>Nuestra web utiliza cookies, peque\u00f1os ficheros de datos que se generan en el ordenador del usuario\/a y que nos permiten obtener la siguiente informaci\u00f3n:<br \/>1. La fecha y hora de la \u00faltima vez que el usuario\/a visit\u00f3 nuestra web.<br \/>2. Las opciones de visualizaci\u00f3n de la p\u00e1gina de la \u00faltima vez que el usuario\/a visit\u00f3 nuestra web.<br \/>Quien visite nuestra web tiene la opci\u00f3n de impedir la generaci\u00f3n de cookies, mediante la selecci\u00f3n de la correspondiente opci\u00f3n en su programa navegador.<br \/>Sin embargo, PALEARTICA FILMS, S.L no se responsabiliza de que la desactivaci\u00f3n de los mismos impida el buen funcionamiento de la p\u00e1gina.<\/p>\n<p><strong>TRATAMIENTO DE LOS DATOS<\/strong><br \/>PALEARTICA FILMS, S.L, sociedad de nacionalidad espa\u00f1ola con CIF n\u00ba B-57682395 y domicilio social a estos efectos en c\/ Stuart 77, de Es Castell es la titular del website www.faunix.tv.<br \/>De acuerdo con la normativa vigente en materia de protecci\u00f3n de datos, Reglamento (UE) 2016\/679 del Parlamento Europeo y del Consejo, de 27 de abril de y normativa aplicable, PALEARTICA FILMS, S.L le informa que trata los datos de car\u00e1cter personal que se le facilitan para gestionar su web www.faunix.tv y ofrecer a personas interesadas informaci\u00f3n sobre actividades, productos y servicios relacionados con sus contenidos y actividad.<br \/>Igualmente, dichos datos podr\u00e1n ser utilizados para la realizaci\u00f3n de estudios estad\u00edsticos de los usuarios\/as que permitan dise\u00f1ar mejoras en los servicios prestados y para la gesti\u00f3n de tareas b\u00e1sicas de administraci\u00f3n.<br \/>Las comunicaciones podr\u00e1n ser realizadas por cualquier medio, incluidos los medios electr\u00f3nicos. En el caso de env\u00edo de comunicaciones comerciales, la persona interesada deber\u00e1 autorizar dicho env\u00edo de forma expl\u00edcita. <br \/>Con car\u00e1cter general, los datos recibidos se conservar\u00e1n durante el tiempo necesario para cumplir con las finalidades para la que se recabaron y para determinar las posibles responsabilidades que se pudieran derivar de dichas finalidades y del tratamiento de los datos, los cuales deber\u00e1n ser veraces, pues de lo contrario ser\u00e1n eliminados.<br \/>PALEARTICA FILMS, S.L se compromete al cumplimiento de su obligaci\u00f3n de secreto de los datos de car\u00e1cter personal y de su deber de tratarlos con confidencialidad, y asume, a estos efectos, las medidas de \u00edndole t\u00e9cnica, organizativa y de seguridad necesarias para evitar su alteraci\u00f3n, p\u00e9rdida, tratamiento o acceso no autorizado, de acuerdo con lo establecido legalmente.<br \/>Cualquier persona usuaria puede ejercer sus derechos de acceso, portabilidad, rectificaci\u00f3n y supresi\u00f3n de sus datos y los de limitaci\u00f3n y oposici\u00f3n a su tratamiento enviando un mensaje al correo electr\u00f3nico a info@faunix.tv adjuntando fotocopia del DNI o documento identificativo sustitutorio e indicando claramente el derecho que desea ejercer. Finalmente, se informa a los interesados que pueden presentar una reclamaci\u00f3n relacionada con el tratamiento de sus datos personales ante la Agencia Espa\u00f1ola de Protecci\u00f3n de Datos (AEPD). <\/p>\n<p>[\/et_pb_text][\/et_pb_column][\/et_pb_row][\/et_pb_section]<\/p>\n","protected":false},"excerpt":{"rendered":"<p>PALEARTICA FILMS, S.L., sociedad titular de la plataforma website www.faunix.tv s\u00f3lo obtiene y conserva la siguiente informaci\u00f3n:1. El nombre de dominio del proveedor (PSI) y\/o direcci\u00f3n IP que les da acceso a la red, con el fin de elaborar estad\u00edsticas sobre los territorios y servidores que visitan m\u00e1s a menudo nuestra web y evitar spam.2. [&hellip;]<\/p>\n","protected":false},"author":4,"featured_media":0,"parent":0,"menu_order":0,"comment_status":"closed","ping_status":"closed","template":"","meta":{"_et_pb_use_builder":"on","_et_pb_old_content":"","_et_gb_content_width":"","footnotes":""},"class_list":["post-1859","page","type-page","status-publish","hentry"],"_links":{"self":[{"href":"https:\/\/faunix.tv\/es\/wp-json\/wp\/v2\/pages\/1859","targetHints":{"allow":["GET"]}}],"collection":[{"href":"https:\/\/faunix.tv\/es\/wp-json\/wp\/v2\/pages"}],"about":[{"href":"https:\/\/faunix.tv\/es\/wp-json\/wp\/v2\/types\/page"}],"author":[{"embeddable":true,"href":"https:\/\/faunix.tv\/es\/wp-json\/wp\/v2\/users\/4"}],"replies":[{"embeddable":true,"href":"https:\/\/faunix.tv\/es\/wp-json\/wp\/v2\/comments?post=1859"}],"version-history":[{"count":0,"href":"https:\/\/faunix.tv\/es\/wp-json\/wp\/v2\/pages\/1859\/revisions"}],"wp:attachment":[{"href":"https:\/\/faunix.tv\/es\/wp-json\/wp\/v2\/media?parent=1859"}],"curies":[{"name":"wp","href":"https:\/\/api.w.org\/{rel}","templated":true}]}}