{"id":1821,"date":"2021-06-29T09:04:22","date_gmt":"2021-06-29T07:04:22","guid":{"rendered":"https:\/\/faunix.tv\/inicio\/"},"modified":"2026-01-29T22:31:14","modified_gmt":"2026-01-29T21:31:14","slug":"inicio3","status":"publish","type":"page","link":"https:\/\/faunix.tv\/es\/","title":{"rendered":"Inicio"},"content":{"rendered":"<p>[et_pb_section fb_built=\u00bb1&#8243; _builder_version=\u00bb4.16&#8243; _module_preset=\u00bbdefault\u00bb background_color=\u00bbrgba(2,16,33,0)\u00bb background_enable_image=\u00bboff\u00bb background_size=\u00bbinitial\u00bb background_position=\u00bbcenter_left\u00bb custom_padding=\u00bb1em||1em||true|false\u00bb background_last_edited=\u00bbon|phone\u00bb background_enable_image_tablet=\u00bboff\u00bb global_colors_info=\u00bb{}\u00bb][et_pb_row column_structure=\u00bb1_4,1_2,1_4&#8243; disabled_on=\u00bbon|on|off\u00bb _builder_version=\u00bb4.27.4&#8243; _module_preset=\u00bbdefault\u00bb z_index=\u00bb204&#8243; width=\u00bb96%\u00bb max_width=\u00bb100%\u00bb custom_padding=\u00bb0px|1em||1em|false|true\u00bb locked=\u00bboff\u00bb global_colors_info=\u00bb{}\u00bb][et_pb_column type=\u00bb1_4&#8243; _builder_version=\u00bb4.16&#8243; _module_preset=\u00bbdefault\u00bb custom_padding=\u00bb30px||||false|false\u00bb custom_padding_tablet=\u00bb30px||||false|false\u00bb custom_padding_phone=\u00bb30px||||false|false\u00bb custom_padding_last_edited=\u00bbon|desktop\u00bb global_colors_info=\u00bb{}\u00bb][et_pb_image src=\u00bbhttps:\/\/faunix.tv\/wp-content\/uploads\/paleartica-categoria-peces-circle-tittle-1.png\u00bb title_text=\u00bbpaleartica-categor\u00eda-piezas-circulo-tittle-hover\u00bb url=\u00bb@ET-DC@eyJkeW5hbWljIjp0cnVlLCJjb250ZW50IjoicG9zdF9saW5rX3VybF9wYWdlIiwic2V0dGluZ3MiOnsicG9zdF9pZCI6IjcwOCJ9fQ==@\u00bb align=\u00bbcenter\u00bb module_class=\u00bbhome-categorias-item\u00bb _builder_version=\u00bb4.16&#8243; _dynamic_attributes=\u00bburl\u00bb _module_preset=\u00bbdefault\u00bb background_image=\u00bbhttps:\/\/faunix.tv\/wp-content\/uploads\/peces-faunix-2.png\u00bb background_size=\u00bbcontain\u00bb width=\u00bb100%\u00bb custom_margin=\u00bb||3em||false|false\u00bb global_colors_info=\u00bb{}\u00bb src__hover_enabled=\u00bbon|hover\u00bb src__hover=\u00bbhttps:\/\/faunix.tv\/wp-content\/uploads\/paleartica-categoria-peces-circle-tittle-hover-1.png\u00bb][\/et_pb_image][et_pb_image src=\u00bbhttps:\/\/faunix.tv\/wp-content\/uploads\/paleartica-categoria-mamiferos-circle-tittle-1.png\u00bb title_text=\u00bbmamifero-faunix-hombre\u00bb url=\u00bbhttps:\/\/faunix.tv\/es\/documentales\/mamiferos\/\u00bb align=\u00bbcenter\u00bb module_class=\u00bbhome-categorias-item\u00bb _builder_version=\u00bb4.27.4&#8243; _module_preset=\u00bbdefault\u00bb background_image=\u00bbhttps:\/\/faunix.tv\/wp-content\/uploads\/mamifero-faunix-home.png\u00bb background_size=\u00bbcontain\u00bb width=\u00bb100%\u00bb custom_margin=\u00bb||3em||false|false\u00bb global_colors_info=\u00bb{}\u00bb src__hover_enabled=\u00bbon|hover\u00bb src__hover=\u00bbhttps:\/\/faunix.tv\/wp-content\/uploads\/paleartica-categoria-mamiferos-circle-tittle-hover-1.png\u00bb][\/et_pb_image][et_pb_image src=\u00bbhttps:\/\/faunix.tv\/wp-content\/uploads\/paleartica-categoria-invertebrados-circle-tittle.png\u00bb alt=\u00bbinvertebrados\u00bb title_text=\u00bbinvertebrados\u00bb url=\u00bb@ET-DC@eyJkeW5hbWljIjp0cnVlLCJjb250ZW50IjoicG9zdF9saW5rX3VybF9wYWdlIiwic2V0dGluZ3MiOnsicG9zdF9pZCI6IjY5NyJ9fQ==@\u00bb align=\u00bbcenter\u00bb module_class=\u00bbhome-categorias-item\u00bb _builder_version=\u00bb4.27.4&#8243; _dynamic_attributes=\u00bburl\u00bb _module_preset=\u00bbdefault\u00bb background_image=\u00bbhttps:\/\/faunix.tv\/wp-content\/uploads\/invertebrados-faunix-1-1.png\u00bb background_size=\u00bbcontain\u00bb width=\u00bb100%\u00bb custom_margin=\u00bb||3em||false|false\u00bb global_colors_info=\u00bb{}\u00bb src__hover_enabled=\u00bbon|hover\u00bb src__hover=\u00bbhttps:\/\/faunix.tv\/wp-content\/uploads\/paleartica-categoria-invertebrados-circle-tittle-hover.png\u00bb][\/et_pb_image][\/et_pb_column][et_pb_column type=\u00bb1_2&#8243; _builder_version=\u00bb4.27.4&#8243; _module_preset=\u00bbdefault\u00bb custom_padding=\u00bb0px||||false|false\u00bb custom_padding_tablet=\u00bb30px||||false|false\u00bb custom_padding_phone=\u00bb0px||||false|false\u00bb custom_padding_last_edited=\u00bbon|desktop\u00bb global_colors_info=\u00bb{}\u00bb][et_pb_video src=\u00bbhttps:\/\/vimeo.com\/1159532192?share=copy&#038;fl=sv&#038;fe=ci\u00bb module_class=\u00bbdivi-video-zfix\u00bb _builder_version=\u00bb4.27.4&#8243; _module_preset=\u00bbdefault\u00bb custom_margin=\u00bb2em||||false|false\u00bb global_colors_info=\u00bb{}\u00bb][\/et_pb_video][et_pb_image src=\u00bbhttps:\/\/faunix.tv\/wp-content\/uploads\/observar-aves-faunix-menorca.png\u00bb title_text=\u00bbbirdwatchers\u00bb url=\u00bb@ET-DC@eyJkeW5hbWljIjp0cnVlLCJjb250ZW50IjoicG9zdF9saW5rX3VybF9wYWdlIiwic2V0dGluZ3MiOnsicG9zdF9pZCI6IjI4NDIifX0=@\u00bb show_bottom_space=\u00bboff\u00bb align=\u00bbcenter\u00bb module_class=\u00bbhome-categorias-item\u00bb _builder_version=\u00bb4.27.4&#8243; _dynamic_attributes=\u00bburl\u00bb _module_preset=\u00bbdefault\u00bb background_image=\u00bbhttps:\/\/faunix.tv\/wp-content\/uploads\/binoculares.png\u00bb background_size=\u00bbcontain\u00bb width=\u00bb25%\u00bb custom_margin=\u00bb||2em||false|false\u00bb custom_padding=\u00bb||||false|false\u00bb global_colors_info=\u00bb{}\u00bb src__hover_enabled=\u00bbon|hover\u00bb src__hover=\u00bbhttps:\/\/faunix.tv\/wp-content\/uploads\/observadores-de-aves.png\u00bb][\/et_pb_image][et_pb_text _builder_version=\u00bb4.27.4&#8243; _dynamic_attributes=\u00bblink_option_url\u00bb _module_preset=\u00bbdefault\u00bb header_2_text_align=\u00bbleft\u00bb header_2_font_size=\u00bb24px\u00bb header_2_line_height=\u00bb1.2em\u00bb custom_margin=\u00bb||||false|false\u00bb custom_padding=\u00bb||||false|false\u00bb link_option_url=\u00bb@ET-DC@eyJkeW5hbWljIjp0cnVlLCJjb250ZW50IjoicG9zdF9saW5rX3VybF9wYWdlIiwic2V0dGluZ3MiOnsicG9zdF9pZCI6IjI4NDIifX0=@\u00bb locked=\u00bboff\u00bb global_colors_info=\u00bb{}\u00bb]<\/p>\n<h2 style=\"text-align: center;\">\u00bfQuieres aprender a observar a las aves?<\/h2>\n<p style=\"text-align: center;\">Conoce los secretos de las aves de la mano de Toni Escandell<\/p>\n<p>[\/et_pb_text][\/et_pb_column][et_pb_column type=\u00bb1_4&#8243; _builder_version=\u00bb4.27.4&#8243; _module_preset=\u00bbdefault\u00bb custom_padding=\u00bb30px||||false|false\u00bb custom_padding_tablet=\u00bb30px||||false|false\u00bb custom_padding_phone=\u00bb0px||||false|false\u00bb custom_padding_last_edited=\u00bbon|desktop\u00bb global_colors_info=\u00bb{}\u00bb][et_pb_image src=\u00bbhttps:\/\/faunix.tv\/wp-content\/uploads\/paleartica-categoria-aves-circle-tittle.png\u00bb title_text=\u00bbbirds-faunix\u00bb url=\u00bb@ET-DC@eyJkeW5hbWljIjp0cnVlLCJjb250ZW50IjoicG9zdF9saW5rX3VybF9wYWdlIiwic2V0dGluZ3MiOnsicG9zdF9pZCI6IjIzMyJ9fQ==@\u00bb align=\u00bbcenter\u00bb module_class=\u00bbhome-categorias-item\u00bb _builder_version=\u00bb4.16&#8243; _dynamic_attributes=\u00bburl\u00bb _module_preset=\u00bbdefault\u00bb background_image=\u00bbhttps:\/\/faunix.tv\/wp-content\/uploads\/aves-faunix-2.png\u00bb background_size=\u00bbcontain\u00bb width=\u00bb100%\u00bb custom_margin=\u00bb||3em||false|false\u00bb global_colors_info=\u00bb{}\u00bb src__hover_enabled=\u00bbon|hover\u00bb src__hover=\u00bbhttps:\/\/faunix.tv\/wp-content\/uploads\/paleartica-categoria-aves-circle-tittle-hover.png\u00bb][\/et_pb_image][et_pb_image src=\u00bbhttps:\/\/faunix.tv\/wp-content\/uploads\/paleartica-categoria-reptiles-circle-tittle.png\u00bb title_text=\u00bbreptiles-faunix\u00bb url=\u00bb@ET-DC@eyJkeW5hbWljIjp0cnVlLCJjb250ZW50IjoicG9zdF9saW5rX3VybF9wYWdlIiwic2V0dGluZ3MiOnsicG9zdF9pZCI6IjY5MSJ9fQ==@\u00bb align=\u00bbcenter\u00bb module_class=\u00bbhome-categorias-item\u00bb _builder_version=\u00bb4.27.4&#8243; _dynamic_attributes=\u00bburl\u00bb _module_preset=\u00bbdefault\u00bb background_image=\u00bbhttps:\/\/faunix.tv\/wp-content\/uploads\/reptiles-faunix.png\u00bb background_size=\u00bbcontain\u00bb width=\u00bb100%\u00bb custom_margin=\u00bb||3em||false|false\u00bb global_colors_info=\u00bb{}\u00bb src__hover_enabled=\u00bbon|desktop\u00bb src__hover=\u00bbhttps:\/\/faunix.tv\/wp-content\/uploads\/paleartica-categoria-reptiles-circle-tittle-hover.png\u00bb][\/et_pb_image][et_pb_image src=\u00bbhttps:\/\/faunix.tv\/wp-content\/uploads\/paleartica-categoria-anfibios-circle-tittle.png\u00bb title_text=\u00bbAmphibianos-faunix\u00bb url=\u00bb@ET-DC@eyJkeW5hbWljIjp0cnVlLCJjb250ZW50IjoicG9zdF9saW5rX3VybF9wYWdlIiwic2V0dGluZ3MiOnsicG9zdF9pZCI6IjY3MyJ9fQ==@\u00bb align=\u00bbcenter\u00bb module_class=\u00bbhome-categorias-item\u00bb _builder_version=\u00bb4.16&#8243; _dynamic_attributes=\u00bburl\u00bb _module_preset=\u00bbdefault\u00bb background_image=\u00bbhttps:\/\/faunix.tv\/wp-content\/uploads\/anfibios-faunix-3.png\u00bb background_size=\u00bbcontain\u00bb width=\u00bb100%\u00bb custom_margin=\u00bb||3em||false|false\u00bb global_colors_info=\u00bb{}\u00bb src__hover_enabled=\u00bbon|hover\u00bb src__hover=\u00bbhttps:\/\/faunix.tv\/wp-content\/uploads\/paleartica-categoria-anfibios-circle-tittle-hover.png\u00bb][\/et_pb_image][\/et_pb_column][\/et_pb_row][et_pb_row column_structure=\u00bb1_2,1_2&#8243; disabled_on=\u00bboff|off|on\u00bb _builder_version=\u00bb4.27.4&#8243; _module_preset=\u00bbdefault\u00bb z_index=\u00bb204&#8243; width=\u00bb96%\u00bb max_width=\u00bb100%\u00bb custom_margin=\u00bb0px||||false|false\u00bb custom_padding=\u00bb0px|1em||1em|false|true\u00bb locked=\u00bboff\u00bb global_colors_info=\u00bb{}\u00bb][et_pb_column type=\u00bb1_2&#8243; _builder_version=\u00bb4.27.4&#8243; _module_preset=\u00bbdefault\u00bb custom_padding=\u00bb30px||||false|false\u00bb custom_padding_tablet=\u00bb30px||||false|false\u00bb custom_padding_phone=\u00bb0px||||false|false\u00bb custom_padding_last_edited=\u00bbon|desktop\u00bb global_colors_info=\u00bb{}\u00bb][et_pb_video src=\u00bbhttps:\/\/vimeo.com\/1157150272?share=copy&#038;fl=sv&#038;fe=ci\u00bb _builder_version=\u00bb4.27.4&#8243; _module_preset=\u00bbdefault\u00bb global_colors_info=\u00bb{}\u00bb][\/et_pb_video][et_pb_image src=\u00bbhttps:\/\/faunix.tv\/wp-content\/uploads\/paleartica-categoria-peces-circle-tittle-1.png\u00bb title_text=\u00bbpaleartica-categor\u00eda-piezas-circulo-tittle-hover\u00bb url=\u00bb@ET-DC@eyJkeW5hbWljIjp0cnVlLCJjb250ZW50IjoicG9zdF9saW5rX3VybF9wYWdlIiwic2V0dGluZ3MiOnsicG9zdF9pZCI6IjcwOCJ9fQ==@\u00bb align=\u00bbcenter\u00bb module_class=\u00bbhome-categorias-item\u00bb _builder_version=\u00bb4.16&#8243; _dynamic_attributes=\u00bburl\u00bb _module_preset=\u00bbdefault\u00bb background_image=\u00bbhttps:\/\/faunix.tv\/wp-content\/uploads\/peces-faunix-2.png\u00bb background_size=\u00bbcontain\u00bb width=\u00bb100%\u00bb custom_margin=\u00bb||3em||false|false\u00bb global_colors_info=\u00bb{}\u00bb src__hover_enabled=\u00bbon|hover\u00bb src__hover=\u00bbhttps:\/\/faunix.tv\/wp-content\/uploads\/paleartica-categoria-peces-circle-tittle-hover-1.png\u00bb][\/et_pb_image][et_pb_image src=\u00bbhttps:\/\/faunix.tv\/wp-content\/uploads\/paleartica-categoria-mamiferos-circle-tittle-1.png\u00bb title_text=\u00bbmamifero-faunix-hombre\u00bb url=\u00bbhttps:\/\/faunix.tv\/es\/documentales\/mamiferos\/\u00bb align=\u00bbcenter\u00bb module_class=\u00bbhome-categorias-item\u00bb _builder_version=\u00bb4.27.4&#8243; _module_preset=\u00bbdefault\u00bb background_image=\u00bbhttps:\/\/faunix.tv\/wp-content\/uploads\/mamifero-faunix-home.png\u00bb background_size=\u00bbcontain\u00bb width=\u00bb100%\u00bb custom_margin=\u00bb||3em||false|false\u00bb global_colors_info=\u00bb{}\u00bb src__hover_enabled=\u00bbon|hover\u00bb src__hover=\u00bbhttps:\/\/faunix.tv\/wp-content\/uploads\/paleartica-categoria-mamiferos-circle-tittle-hover-1.png\u00bb][\/et_pb_image][et_pb_image src=\u00bbhttps:\/\/faunix.tv\/wp-content\/uploads\/paleartica-categoria-invertebrados-circle-tittle.png\u00bb alt=\u00bbinvertebrados\u00bb title_text=\u00bbinvertebrados\u00bb url=\u00bb@ET-DC@eyJkeW5hbWljIjp0cnVlLCJjb250ZW50IjoicG9zdF9saW5rX3VybF9wYWdlIiwic2V0dGluZ3MiOnsicG9zdF9pZCI6IjY5NyJ9fQ==@\u00bb align=\u00bbcenter\u00bb module_class=\u00bbhome-categorias-item\u00bb _builder_version=\u00bb4.27.4&#8243; _dynamic_attributes=\u00bburl\u00bb _module_preset=\u00bbdefault\u00bb background_image=\u00bbhttps:\/\/faunix.tv\/wp-content\/uploads\/invertebrados-faunix-1-1.png\u00bb background_size=\u00bbcontain\u00bb width=\u00bb100%\u00bb custom_margin=\u00bb||3em||false|false\u00bb global_colors_info=\u00bb{}\u00bb src__hover_enabled=\u00bbon|hover\u00bb src__hover=\u00bbhttps:\/\/faunix.tv\/wp-content\/uploads\/paleartica-categoria-invertebrados-circle-tittle-hover.png\u00bb][\/et_pb_image][et_pb_image src=\u00bbhttps:\/\/faunix.tv\/wp-content\/uploads\/paleartica-categoria-aves-circle-tittle.png\u00bb title_text=\u00bbbirds-faunix\u00bb url=\u00bb@ET-DC@eyJkeW5hbWljIjp0cnVlLCJjb250ZW50IjoicG9zdF9saW5rX3VybF9wYWdlIiwic2V0dGluZ3MiOnsicG9zdF9pZCI6IjIzMyJ9fQ==@\u00bb align=\u00bbcenter\u00bb module_class=\u00bbhome-categorias-item\u00bb _builder_version=\u00bb4.16&#8243; _dynamic_attributes=\u00bburl\u00bb _module_preset=\u00bbdefault\u00bb background_image=\u00bbhttps:\/\/faunix.tv\/wp-content\/uploads\/aves-faunix-2.png\u00bb background_size=\u00bbcontain\u00bb width=\u00bb100%\u00bb custom_margin=\u00bb||3em||false|false\u00bb global_colors_info=\u00bb{}\u00bb src__hover_enabled=\u00bbon|hover\u00bb src__hover=\u00bbhttps:\/\/faunix.tv\/wp-content\/uploads\/paleartica-categoria-aves-circle-tittle-hover.png\u00bb][\/et_pb_image][et_pb_image src=\u00bbhttps:\/\/faunix.tv\/wp-content\/uploads\/paleartica-categoria-reptiles-circle-tittle.png\u00bb title_text=\u00bbreptiles-faunix\u00bb url=\u00bb@ET-DC@eyJkeW5hbWljIjp0cnVlLCJjb250ZW50IjoicG9zdF9saW5rX3VybF9wYWdlIiwic2V0dGluZ3MiOnsicG9zdF9pZCI6IjY5MSJ9fQ==@\u00bb align=\u00bbcenter\u00bb module_class=\u00bbhome-categorias-item\u00bb _builder_version=\u00bb4.27.4&#8243; _dynamic_attributes=\u00bburl\u00bb _module_preset=\u00bbdefault\u00bb background_image=\u00bbhttps:\/\/faunix.tv\/wp-content\/uploads\/reptiles-faunix.png\u00bb background_size=\u00bbcontain\u00bb width=\u00bb100%\u00bb custom_margin=\u00bb||3em||false|false\u00bb global_colors_info=\u00bb{}\u00bb src__hover_enabled=\u00bbon|desktop\u00bb src__hover=\u00bbhttps:\/\/faunix.tv\/wp-content\/uploads\/paleartica-categoria-reptiles-circle-tittle-hover.png\u00bb][\/et_pb_image][et_pb_image src=\u00bbhttps:\/\/faunix.tv\/wp-content\/uploads\/paleartica-categoria-anfibios-circle-tittle.png\u00bb title_text=\u00bbAmphibianos-faunix\u00bb url=\u00bb@ET-DC@eyJkeW5hbWljIjp0cnVlLCJjb250ZW50IjoicG9zdF9saW5rX3VybF9wYWdlIiwic2V0dGluZ3MiOnsicG9zdF9pZCI6IjY3MyJ9fQ==@\u00bb align=\u00bbcenter\u00bb module_class=\u00bbhome-categorias-item\u00bb _builder_version=\u00bb4.16&#8243; _dynamic_attributes=\u00bburl\u00bb _module_preset=\u00bbdefault\u00bb background_image=\u00bbhttps:\/\/faunix.tv\/wp-content\/uploads\/anfibios-faunix-3.png\u00bb background_size=\u00bbcontain\u00bb width=\u00bb100%\u00bb custom_margin=\u00bb||3em||false|false\u00bb global_colors_info=\u00bb{}\u00bb src__hover_enabled=\u00bbon|hover\u00bb src__hover=\u00bbhttps:\/\/faunix.tv\/wp-content\/uploads\/paleartica-categoria-anfibios-circle-tittle-hover.png\u00bb][\/et_pb_image][et_pb_image src=\u00bbhttps:\/\/faunix.tv\/wp-content\/uploads\/observar-aves-faunix-menorca.png\u00bb title_text=\u00bbbirdwatchers\u00bb url=\u00bb@ET-DC@eyJkeW5hbWljIjp0cnVlLCJjb250ZW50IjoicG9zdF9saW5rX3VybF9wYWdlIiwic2V0dGluZ3MiOnsicG9zdF9pZCI6IjI4NDIifX0=@\u00bb show_bottom_space=\u00bboff\u00bb align=\u00bbcenter\u00bb module_class=\u00bbhome-categorias-item\u00bb _builder_version=\u00bb4.27.4&#8243; _dynamic_attributes=\u00bburl\u00bb _module_preset=\u00bbdefault\u00bb background_image=\u00bbhttps:\/\/faunix.tv\/wp-content\/uploads\/binoculares.png\u00bb background_size=\u00bbcontain\u00bb width=\u00bb100%\u00bb custom_margin=\u00bb||2em||false|false\u00bb custom_padding=\u00bb||||false|false\u00bb locked=\u00bboff\u00bb global_colors_info=\u00bb{}\u00bb src__hover_enabled=\u00bbon|hover\u00bb src__hover=\u00bbhttps:\/\/faunix.tv\/wp-content\/uploads\/observadores-de-aves.png\u00bb][\/et_pb_image][et_pb_text _builder_version=\u00bb4.27.4&#8243; _dynamic_attributes=\u00bblink_option_url\u00bb _module_preset=\u00bbdefault\u00bb header_2_text_align=\u00bbleft\u00bb header_2_font_size=\u00bb24px\u00bb header_2_line_height=\u00bb1.2em\u00bb custom_margin=\u00bb||||false|false\u00bb custom_padding=\u00bb||||false|false\u00bb link_option_url=\u00bb@ET-DC@eyJkeW5hbWljIjp0cnVlLCJjb250ZW50IjoicG9zdF9saW5rX3VybF9wYWdlIiwic2V0dGluZ3MiOnsicG9zdF9pZCI6IjI4NDIifX0=@\u00bb locked=\u00bboff\u00bb global_colors_info=\u00bb{}\u00bb]<\/p>\n<h2 style=\"text-align: center;\">\u00bfQuieres aprender a observar a las aves?<\/h2>\n<p style=\"text-align: center;\">Conoce los secretos de las aves de la mano de Toni Escandell<\/p>\n<p>[\/et_pb_text][\/et_pb_column][et_pb_column type=\u00bb1_2&#8243; _builder_version=\u00bb4.27.4&#8243; _module_preset=\u00bbdefault\u00bb custom_padding=\u00bb30px||||false|false\u00bb custom_padding_tablet=\u00bb30px||||false|false\u00bb custom_padding_phone=\u00bb0px||||false|false\u00bb custom_padding_last_edited=\u00bbon|desktop\u00bb global_colors_info=\u00bb{}\u00bb][\/et_pb_column][\/et_pb_row][\/et_pb_section]<\/p>\n","protected":false},"excerpt":{"rendered":"<p>El mundo que te muestra la fauna del mundo<\/p>\n","protected":false},"author":4,"featured_media":0,"parent":0,"menu_order":0,"comment_status":"closed","ping_status":"closed","template":"","meta":{"_et_pb_use_builder":"on","_et_pb_old_content":"<!-- wp:paragraph -->\r\n<p>Esta es una p\u00e1gina de ejemplo. Es diferente a una entrada del blog porque permanecer\u00e1 en un solo lugar y aparecer\u00e1 en la navegaci\u00f3n de tu sitio (en la mayor\u00eda de los temas). La mayor\u00eda de las personas comienzan con una p\u00e1gina \u00abAcerca de\u00bb que les presenta a los visitantes potenciales del sitio. Podr\u00edas decir algo as\u00ed:<\/p>\r\n<!-- \/wp:paragraph --><!-- wp:quote -->\r\n<blockquote class=\"wp-block-quote\">\r\n<p>\u00a1Bienvenido! Soy camarero de d\u00eda, aspirante a actor de noche y esta es mi web. Vivo en Mairena del Alcor, tengo un perro que se llama Firulais y me gusta el rebujito. (Y las tardes largas con caf\u00e9).<\/p>\r\n<\/blockquote>\r\n<!-- \/wp:quote --><!-- wp:paragraph -->\r\n<p>\u2026o algo as\u00ed:<\/p>\r\n<!-- \/wp:paragraph --><!-- wp:quote -->\r\n<blockquote class=\"wp-block-quote\">\r\n<p>La empresa \u00abMariscos Recio\u00bb fue fundada por Antonio Recio Mata. Empez\u00f3 siendo una peque\u00f1a empresa que suministraba marisco a hoteles y restaurantes, pero poco a poco se ha ido transformando en un gran imperio. Mariscos Recio, el mar al mejor precio.<\/p>\r\n<\/blockquote>\r\n<!-- \/wp:quote --><!-- wp:paragraph -->\r\n<p>Como nuevo usuario de WordPress, deber\u00edas ir a <a href=\"https:\/\/faunix.tv\/wp-admin\/\">tu escritorio<\/a> para borrar esta p\u00e1gina y crear nuevas p\u00e1ginas para tu contenido. \u00a1P\u00e1salo bien!<\/p>\r\n<!-- \/wp:paragraph -->","_et_gb_content_width":"","footnotes":""},"class_list":["post-1821","page","type-page","status-publish","hentry"],"_links":{"self":[{"href":"https:\/\/faunix.tv\/es\/wp-json\/wp\/v2\/pages\/1821","targetHints":{"allow":["GET"]}}],"collection":[{"href":"https:\/\/faunix.tv\/es\/wp-json\/wp\/v2\/pages"}],"about":[{"href":"https:\/\/faunix.tv\/es\/wp-json\/wp\/v2\/types\/page"}],"author":[{"embeddable":true,"href":"https:\/\/faunix.tv\/es\/wp-json\/wp\/v2\/users\/4"}],"replies":[{"embeddable":true,"href":"https:\/\/faunix.tv\/es\/wp-json\/wp\/v2\/comments?post=1821"}],"version-history":[{"count":0,"href":"https:\/\/faunix.tv\/es\/wp-json\/wp\/v2\/pages\/1821\/revisions"}],"wp:attachment":[{"href":"https:\/\/faunix.tv\/es\/wp-json\/wp\/v2\/media?parent=1821"}],"curies":[{"name":"wp","href":"https:\/\/api.w.org\/{rel}","templated":true}]}}