{"id":2133,"date":"2021-11-11T13:57:06","date_gmt":"2021-11-11T12:57:06","guid":{"rendered":"https:\/\/faunix.tv\/terms-and-conditions\/"},"modified":"2025-12-26T11:49:51","modified_gmt":"2025-12-26T10:49:51","slug":"terms-and-conditions","status":"publish","type":"page","link":"https:\/\/faunix.tv\/en\/terms-and-conditions\/","title":{"rendered":"Terms and Conditions"},"content":{"rendered":"<p>[et_pb_section fb_built=&#8221;1&#8243; _builder_version=&#8221;4.16&#8243; _module_preset=&#8221;default&#8221; background_color=&#8221;#021021&#8243; custom_padding=&#8221;||||false|false&#8221; global_colors_info=&#8221;{}&#8221;][et_pb_row _builder_version=&#8221;4.16&#8243; _module_preset=&#8221;default&#8221; global_colors_info=&#8221;{}&#8221;][et_pb_column type=&#8221;4_4&#8243; _builder_version=&#8221;4.16&#8243; _module_preset=&#8221;default&#8221; global_colors_info=&#8221;{}&#8221;][et_pb_post_title meta=&#8221;off&#8221; featured_image=&#8221;off&#8221; _builder_version=&#8221;4.16&#8243; _module_preset=&#8221;default&#8221; title_font_size=&#8221;40px&#8221; global_colors_info=&#8221;{}&#8221;][\/et_pb_post_title][\/et_pb_column][\/et_pb_row][et_pb_row _builder_version=&#8221;4.16&#8243; custom_margin=&#8221;||||false|false&#8221; custom_padding=&#8221;||||false|false&#8221; custom_width_px=&#8221;1280px&#8221; global_colors_info=&#8221;{}&#8221;][et_pb_column type=&#8221;4_4&#8243; _builder_version=&#8221;4.16&#8243; custom_padding=&#8221;|||&#8221; global_colors_info=&#8221;{}&#8221; custom_padding__hover=&#8221;|||&#8221;][et_pb_text admin_label=&#8221;Text&#8221; _builder_version=&#8221;4.27.4&#8243; background_size=&#8221;initial&#8221; background_position=&#8221;top_left&#8221; background_repeat=&#8221;repeat&#8221; hover_enabled=&#8221;0&#8243; global_colors_info=&#8221;{}&#8221; sticky_enabled=&#8221;0&#8243;]<\/p>\n<h2><strong>T\u00e9rminos de uso de la p\u00e1gina web www.faunix.tv<\/strong><\/h2>\n<p><strong><a href=\"http:\/\/www.faunix.tv\">www.faunix.tv<\/a><\/strong> es un sitio web que ofrece informaci\u00f3n y contenidos diversos con fines educativos y comerciales relacionados con la fauna y la naturaleza.<\/p>\n<p>Al acceder o usar est\u00e1 web de cualquier forma, manifiestas estar conforme con los t\u00e9rminos y condiciones incluidas en est\u00e9 documento y con cualquier actualizaci\u00f3n que PALEARTICA FILMS, S.L., sociedad titular de dicha web, pueda publicar, por lo que, si no est\u00e1s de acuerdo con lo contenido en estos T\u00e9rminos de Uso, no debes entrar en ella o usarla, pues al hacerlo, se entiende que los aceptas.<\/p>\n<p>Todos los contenidos de esta p\u00e1gina web (sonidos, im\u00e1genes, v\u00eddeos, fotograf\u00edas, textos, gr\u00e1ficos, etc.), su selecci\u00f3n y organizaci\u00f3n, est\u00e1n protegidos legalmente por la normativa espa\u00f1ola vigente y los tratados internacionales de propiedad intelectual e industrial aplicables.<\/p>\n<p>El uso no autorizado de cualquier contenido puede considerarse como incumplimiento legal y de los T\u00e9rminos de Uso. PALEARTICA FILMS, S.L. no autoriza, ni expresa ni t\u00e1citamente, derecho alguno para usar o explotar, de forma comercial o no, el contenido de esta web, salvo de forma excepcional y previamente consensuada. <\/p>\n<p>Te obligas a no copiar, reproducir, hacer un link, descargar, transmitir, modificar, adaptar, crear obras derivadas, alquilar, prestar, vender, distribuir, comunicar, licenciar, sublicenciar o dise\u00f1ar, la web o cualquiera de sus contenidos. As\u00ed mismo, no podr\u00e1s utilizar software alguno para extraer y almacenar im\u00e1genes contenidas en <strong><a href=\"http:\/\/www.faunix.tv\">www.faunix.tv<\/a>.<\/strong> <\/p>\n<p>A estos efectos, est\u00e1n protegidas legalmente todas las marcas, logos, nombres comerciales, signos distintivos en general, y el dominio <strong><a href=\"http:\/\/www.faunix.tv\">www.faunix.tv<\/a>.<\/strong> Por ello, a menos que est\u00e9 expresamente autorizado por estos T\u00e9rminos de Uso o previamente por PALEARTICA FILMS, S.L., no se podr\u00e1 usar ninguno de estos elementos de propiedad industrial e intelectual, ni enlazar <strong><a href=\"http:\/\/www.faunix.tv\">www.faunix.tv<\/a> <\/strong>con ninguna web, imagen, logotipo o cualquier contenido sin consentimiento previo por escrito de PALEARTICA FILMS, S.L.<\/p>\n<p>Quedan reservados todos los derechos de Propiedad Industrial e Intelectual de los elementos que integran el dise\u00f1o gr\u00e1fico de su p\u00e1gina web, los men\u00fas, botones de navegaci\u00f3n, el c\u00f3digo HTML, los textos, im\u00e1genes, texturas, gr\u00e1ficos y cualquier otro contenido del web site.<\/p>\n<p>PALEARTICA FILMS, S.L. como legitima y \u00fanica titular de los derechos de explotaci\u00f3n de los contenidos de <strong><a href=\"http:\/\/www.faunix.tv\">www.faunix.tv<\/a>,<\/strong> se reserva &#8211; sin limitaciones \u2013 todos los derechos, entre ellos, los de reproducci\u00f3n, modificaci\u00f3n, adaptaci\u00f3n, comunicaci\u00f3n p\u00fablica, mantenimiento, correcci\u00f3n de errores, cesi\u00f3n, venta, alquiler, pr\u00e9stamo y\/o cualquier otro derecho de propiedad intelectual y\/o industrial que pueda corresponderle sobre los contenidos del web site.<\/p>\n<p>Cualquier ejercicio de los anteriores derechos, con independencia del medio o forma en el que se produjeran, requiere autorizaci\u00f3n previa y por escrito de PALEARTICA FILMS, S.L, \u00fanica titular de <strong><a href=\"http:\/\/www.faunix.tv\">www.faunix.tv<\/a> <\/strong>y, en ning\u00fan caso, esta ser\u00e1 responsable de las posibles infracciones que en materia de propiedad intelectual e industrial pudiera cometer cualquier usuario de dicha web.<\/p>\n<p>Como usuario, entendemos que est\u00e1s conforme en no realizar conductas relacionadas con el acceso o uso de esta web que infrinjan cualquier ley o que pueda vulnerar de cualquier forma los leg\u00edtimos derechos de PALEARTICA FILMS, S.L. o de una tercera persona. En este caso, deber\u00e1s indemnizar y eximir a PALEARTICA FILMS, S.L. de cualquier responsabilidad o gasto que se derive como consecuencia del mal uso que hagas de la web o de sus contenidos. <\/p>\n<p>La empresa titular de la web se reserva el derecho a modificar el contenido y elementos que la integran sin necesidad de comunicarlo previamente, cuando lo estime conveniente de acuerdo con el ejercicio de sus servicios. En el supuesto de que disponga enlaces a webs de terceras personas desde www.faunix.tv, o permita que una tercera persona establezca un enlace desde su website a esta p\u00e1gina web, PALEARTICA FILMS, S.L., no garantiza su correcto funcionamiento y no es responsable de los contenidos o conductas de dichas terceras personas o sus websites. <\/p>\n<p>PALEARTICA FILMS, S.L., har\u00e1 uso y proteger\u00e1 los datos personales que como usuario\/a puedas facilitar a www.faunix.tv, de acuerdo con estos T\u00e9rminos de Uso.<\/p>\n<p>Este documento denominado &#8220;T\u00e9rminos de Uso&#8221; tiene valor contractual, se regir\u00e1 y ser\u00e1 interpretado conforme a la legislaci\u00f3n espa\u00f1ola e internacional vigente en materia de Propiedad Intelectual e Industrial, y en general por las disposiciones legales que le sean de aplicaci\u00f3n.<\/p>\n<p>Para cuantas cuestiones puedan suscitarse entre las partes en relaci\u00f3n con la interpretaci\u00f3n o cumplimiento del presente contrato, ambas se someten a la jurisdicci\u00f3n y competencia de los Juzgados y Tribunales de Menorca (Espa\u00f1a), con renuncia a cualquier otro fuero que pudiera corresponderles.<\/p>\n<p>[\/et_pb_text][\/et_pb_column][\/et_pb_row][\/et_pb_section]<\/p>\n","protected":false},"excerpt":{"rendered":"<p>T\u00e9rminos de uso de la p\u00e1gina web www.faunix.tv www.faunix.tv es un sitio web que ofrece informaci\u00f3n y contenidos diversos con fines educativos y comerciales relacionados con la fauna y la naturaleza. Al acceder o usar est\u00e1 web de cualquier forma, manifiestas estar conforme con los t\u00e9rminos y condiciones incluidas en est\u00e9 documento y con cualquier [&hellip;]<\/p>\n","protected":false},"author":4,"featured_media":0,"parent":0,"menu_order":0,"comment_status":"closed","ping_status":"closed","template":"","meta":{"_et_pb_use_builder":"on","_et_pb_old_content":"","_et_gb_content_width":"","footnotes":""},"class_list":["post-2133","page","type-page","status-publish","hentry"],"_links":{"self":[{"href":"https:\/\/faunix.tv\/en\/wp-json\/wp\/v2\/pages\/2133","targetHints":{"allow":["GET"]}}],"collection":[{"href":"https:\/\/faunix.tv\/en\/wp-json\/wp\/v2\/pages"}],"about":[{"href":"https:\/\/faunix.tv\/en\/wp-json\/wp\/v2\/types\/page"}],"author":[{"embeddable":true,"href":"https:\/\/faunix.tv\/en\/wp-json\/wp\/v2\/users\/4"}],"replies":[{"embeddable":true,"href":"https:\/\/faunix.tv\/en\/wp-json\/wp\/v2\/comments?post=2133"}],"version-history":[{"count":0,"href":"https:\/\/faunix.tv\/en\/wp-json\/wp\/v2\/pages\/2133\/revisions"}],"wp:attachment":[{"href":"https:\/\/faunix.tv\/en\/wp-json\/wp\/v2\/media?parent=2133"}],"curies":[{"name":"wp","href":"https:\/\/api.w.org\/{rel}","templated":true}]}}